{"id":2716,"date":"2025-12-01T10:01:49","date_gmt":"2025-12-01T10:01:49","guid":{"rendered":"https:\/\/www.lyckeby.com\/?page_id=2716"},"modified":"2025-12-01T13:06:48","modified_gmt":"2025-12-01T13:06:48","slug":"dextrinove-smesi-suche","status":"publish","type":"page","link":"https:\/\/www.lyckeby.com\/cs\/dextrinove-smesi-suche\/","title":{"rendered":"Dextrinov\u00e9 sm\u011bsi such\u00e9"},"content":{"rendered":"","protected":false},"excerpt":{"rendered":"","protected":false},"author":1,"featured_media":0,"parent":0,"menu_order":0,"comment_status":"closed","ping_status":"closed","template":"","meta":{"_acf_changed":false},"class_list":["post-2716","page","type-page","status-publish","hentry"],"acf":[],"_links":{"self":[{"href":"https:\/\/www.lyckeby.com\/cs\/wp-json\/wp\/v2\/pages\/2716","targetHints":{"allow":["GET"]}}],"collection":[{"href":"https:\/\/www.lyckeby.com\/cs\/wp-json\/wp\/v2\/pages"}],"about":[{"href":"https:\/\/www.lyckeby.com\/cs\/wp-json\/wp\/v2\/types\/page"}],"author":[{"embeddable":true,"href":"https:\/\/www.lyckeby.com\/cs\/wp-json\/wp\/v2\/users\/1"}],"replies":[{"embeddable":true,"href":"https:\/\/www.lyckeby.com\/cs\/wp-json\/wp\/v2\/comments?post=2716"}],"version-history":[{"count":5,"href":"https:\/\/www.lyckeby.com\/cs\/wp-json\/wp\/v2\/pages\/2716\/revisions"}],"predecessor-version":[{"id":3301,"href":"https:\/\/www.lyckeby.com\/cs\/wp-json\/wp\/v2\/pages\/2716\/revisions\/3301"}],"wp:attachment":[{"href":"https:\/\/www.lyckeby.com\/cs\/wp-json\/wp\/v2\/media?parent=2716"}],"curies":[{"name":"wp","href":"https:\/\/api.w.org\/{rel}","templated":true}]}}